{"id":71,"date":"2020-10-22T05:46:16","date_gmt":"2020-10-22T03:46:16","guid":{"rendered":"https:\/\/jupiterx.artbees.net\/law-firm\/?page_id=71"},"modified":"2021-06-19T20:28:52","modified_gmt":"2021-06-19T18:28:52","slug":"presentation","status":"publish","type":"page","link":"https:\/\/arnaudyansounou-avocat.fr\/?page_id=71","title":{"rendered":"Pr\u00e9sentation"},"content":{"rendered":"\t\t<div data-elementor-type=\"wp-page\" data-elementor-id=\"71\" class=\"elementor elementor-71\" data-elementor-settings=\"[]\">\n\t\t\t\t\t\t\t<div class=\"elementor-section-wrap\">\n\t\t\t\t\t\t\t<section class=\"elementor-section elementor-top-section elementor-element elementor-element-043a0b7 elementor-section-boxed elementor-section-height-default elementor-section-height-default\" data-id=\"043a0b7\" data-element_type=\"section\" data-settings=\"{&quot;background_background&quot;:&quot;classic&quot;}\">\n\t\t\t\t\t\t<div class=\"elementor-container elementor-column-gap-no\">\n\t\t\t\t\t<div class=\"elementor-column elementor-col-100 elementor-top-column elementor-element elementor-element-4e8fe02\" data-id=\"4e8fe02\" data-element_type=\"column\">\n\t\t\t<div class=\"elementor-widget-wrap elementor-element-populated\">\n\t\t\t\t\t\t\t\t<div class=\"elementor-element elementor-element-d47fa56 elementor-widget elementor-widget-heading\" data-id=\"d47fa56\" data-element_type=\"widget\" data-widget_type=\"heading.default\">\n\t\t\t\t<div class=\"elementor-widget-container\">\n\t\t\t<h1 class=\"elementor-heading-title elementor-size-default\">Pr\u00e9sentation du cabinet<\/h1>\t\t<\/div>\n\t\t\t\t<\/div>\n\t\t\t\t<div class=\"elementor-element elementor-element-b6758bf elementor-align-center elementor-widget elementor-widget-raven-breadcrumbs\" data-id=\"b6758bf\" data-element_type=\"widget\" data-widget_type=\"raven-breadcrumbs.default\">\n\t\t\t\t<div class=\"elementor-widget-container\">\n\t\t\t<div class=\"raven-breadcrumbs raven-breadcrumbs-default\"><ol class=\"breadcrumb\">\t\t\t\t<li class=\"breadcrumb-item active\" aria-current=\"page\"><span>Home<\/span><\/li>\n\n\t\t\t\t<\/ol><\/div>\t\t<\/div>\n\t\t\t\t<\/div>\n\t\t\t\t\t<\/div>\n\t\t<\/div>\n\t\t\t\t\t\t\t<\/div>\n\t\t<\/section>\n\t\t\t\t<section class=\"elementor-section elementor-top-section elementor-element elementor-element-16f19c2 elementor-section-boxed elementor-section-height-default elementor-section-height-default\" data-id=\"16f19c2\" data-element_type=\"section\" data-settings=\"{&quot;background_background&quot;:&quot;classic&quot;}\">\n\t\t\t\t\t\t<div class=\"elementor-container elementor-column-gap-no\">\n\t\t\t\t\t<div class=\"elementor-column elementor-col-50 elementor-top-column elementor-element elementor-element-6f3bbd0\" data-id=\"6f3bbd0\" data-element_type=\"column\">\n\t\t\t<div class=\"elementor-widget-wrap elementor-element-populated\">\n\t\t\t\t\t\t\t\t<div class=\"elementor-element elementor-element-2b47c2a elementor-widget elementor-widget-raven-image\" data-id=\"2b47c2a\" data-element_type=\"widget\" data-widget_type=\"raven-image.default\">\n\t\t\t\t<div class=\"elementor-widget-container\">\n\t\t\t\t\t<div class=\"raven-image\">\n\t\t\n\t\t\n\t\t<img loading=\"lazy\" decoding=\"async\" width=\"456\" height=\"609\" src=\"https:\/\/arnaudyansounou-avocat.fr\/wp-content\/uploads\/2020\/12\/maitre-arnaud-yans-avocat02-1.png\" class=\"attachment-full size-full\" alt=\"\" srcset=\"https:\/\/arnaudyansounou-avocat.fr\/wp-content\/uploads\/2020\/12\/maitre-arnaud-yans-avocat02-1.png 456w, https:\/\/arnaudyansounou-avocat.fr\/wp-content\/uploads\/2020\/12\/maitre-arnaud-yans-avocat02-1-225x300.png 225w\" sizes=\"auto, (max-width: 456px) 100vw, 456px\" \/>\t\t<\/div>\n\t\t\t\t<\/div>\n\t\t\t\t<\/div>\n\t\t\t\t\t<\/div>\n\t\t<\/div>\n\t\t\t\t<div class=\"elementor-column elementor-col-50 elementor-top-column elementor-element elementor-element-b388664\" data-id=\"b388664\" data-element_type=\"column\" data-settings=\"{&quot;background_background&quot;:&quot;classic&quot;}\">\n\t\t\t<div class=\"elementor-widget-wrap elementor-element-populated\">\n\t\t\t\t\t\t\t\t<div class=\"elementor-element elementor-element-a9a398f elementor-widget elementor-widget-jet-unfold\" data-id=\"a9a398f\" data-element_type=\"widget\" data-widget_type=\"jet-unfold.default\">\n\t\t\t\t<div class=\"elementor-widget-container\">\n\t\t\t\t\t<div class=\"jet-unfold \" data-settings=\"{&quot;height&quot;:{&quot;unit&quot;:&quot;px&quot;,&quot;size&quot;:356,&quot;sizes&quot;:[]},&quot;heightTablet&quot;:{&quot;unit&quot;:&quot;px&quot;,&quot;size&quot;:&quot;&quot;,&quot;sizes&quot;:[]},&quot;heightMobile&quot;:{&quot;unit&quot;:&quot;px&quot;,&quot;size&quot;:&quot;&quot;,&quot;sizes&quot;:[]},&quot;separatorHeight&quot;:{&quot;unit&quot;:&quot;px&quot;,&quot;size&quot;:17,&quot;sizes&quot;:[]},&quot;unfoldDuration&quot;:{&quot;unit&quot;:&quot;ms&quot;,&quot;size&quot;:500,&quot;sizes&quot;:[]},&quot;foldDuration&quot;:{&quot;unit&quot;:&quot;ms&quot;,&quot;size&quot;:300,&quot;sizes&quot;:[]},&quot;unfoldEasing&quot;:&quot;easeOutBack&quot;,&quot;foldEasing&quot;:&quot;easeOutSine&quot;,&quot;foldScrolling&quot;:&quot;false&quot;}\">\n\t\t\t<div class=\"jet-unfold__inner\">\n\t\t\t\t<div class=\"jet-unfold__mask\">\n\t\t\t\t\t<div class=\"jet-unfold__content\">\n\t\t\t\t\t\t<div class=\"jet-unfold__content-inner elementor-text-editor elementor-clearfix\"><div class=\"vc_col-sm-4 wpb_column column_container   _ height-full\"><div id=\"text-block-5\" class=\"mk-text-block mk-animate-element fade-in mk-in-viewport\"><p>Ma\u00eetre Arnaud Silv\u00e8re YANSOUNOU est docteur en droit de l\u2019Universit\u00e9 Montesquieu Bordeaux IV, et titulaire d\u2019un Master II Recherche \u00ab\u00a0Droit de la responsabilit\u00e9\u00a0\u00bb de\u00a0 l\u2019Universit\u00e9 de La Rochelle.<\/p><p>Situ\u00e9 au 65 Boulevard Ulysse Casse \u00e0 Marmande (47200), le cabinet de Ma\u00eetre Arnaud Silv\u00e8re YANSOUNOU est \u00e0 votre disposition du lundi au vendredi, et exceptionnellement un samedi sur deux, sur rendez-vous<\/p><p>Le cabinet intervient en tant que conseil dans divers domaines du droit et, devant la plupart des juridictions fran\u00e7aises, dans les mati\u00e8res contentieuses\/judiciaires.<\/p><p>Notre cabinet remplit essentiellement trois grandes fonctions aupr\u00e8s de ses clients : information et conseil, r\u00e9daction et transaction, et repr\u00e9sentation devant les juridictions.<\/p><p>Au titre des fonctions d\u2019information et de conseil, le cabinet de Ma\u00eetre Arnaud Silv\u00e8re YANSOUNOU vous informera sur les derni\u00e8res \u00e9volutions l\u00e9gales et jurisprudentielles. Nous d\u00e9terminons avec vous la solution ad\u00e9quate \u00e0 votre situation particuli\u00e8re, et vous conseillons sur la meilleure voie \u00e0 adopter pour la sauvegarde de vos droits et int\u00e9r\u00eats.<\/p><div class=\"clearboth\">\u00a0<\/div><\/div><div id=\"padding-6\" class=\"mk-padding-divider   clearfix\">\u00a0<\/div><\/div><div class=\"vc_col-sm-4 wpb_column column_container   _ height-full\"><div id=\"text-block-8\" class=\"mk-text-block mk-animate-element fade-in mk-in-viewport\"><p>Dans notre fonction de repr\u00e9sentation, nous agissons pour votre compte et d\u00e9fendons vos int\u00e9r\u00eats devant les juridictions. Dans le cadre de cette mission, notre cabinet entreprend toutes les d\u00e9marches n\u00e9cessaires, amiables ou judiciaires, pour pr\u00e9server et faire valoir vos droits, apr\u00e8s avoir d\u00e9fini avec vous la meilleure strat\u00e9gie \u00e0 adopter selon votre situation particuli\u00e8re.<br \/>Nous conduisons \u00e9galement pour vous les n\u00e9gociations avec vos partenaires ou adversaires \u00e9ventuels.<\/p><p>Que ce soit pour la r\u00e9daction de contrats commerciaux, de transactions ou de tout autre type de conventions, notre cabinet est \u00e0 votre enti\u00e8re disposition.<br \/>Afin d\u2019assurer un service efficace, le cabinet de Ma\u00eetre Arnaud Silv\u00e8re YANSOUNOU s\u2019efforce de cr\u00e9er une relation de confiance, et de transparence avec ses clients, en vue d\u2019\u00e9tablir avec eux une communication claire, en toute confidentialit\u00e9.<\/p><p>Notre cabinet accorde une importance toute particuli\u00e8re \u00e0 l\u2019\u00e9coute de ses clients, \u00e0 un traitement r\u00e9actif de leurs questions ou remarques, et \u00e0 la plus grande transparence sur les co\u00fbts.<\/p><p>L\u2019aide juridictionnelle est accept\u00e9e par le cabinet, sous conditions.<\/p><\/div><\/div><\/div>\n\t\t\t\t\t<\/div>\n\t\t\t\t\t<div class=\"jet-unfold__separator\"><\/div>\n\t\t\t\t<\/div>\n\t\t\t\t<div class=\"jet-unfold__trigger\"><div class=\"jet-unfold__button elementor-button elementor-size-md\" data-unfold-text=\"Lire la suite\" data-fold-text=\"Voir moins\" data-fold-icon=\"&lt;i aria-hidden=&quot;true&quot; class=&quot;fas fa-chevron-up&quot;&gt;&lt;\/i&gt;\" data-unfold-icon=\"&lt;i aria-hidden=&quot;true&quot; class=&quot;fas fa-chevron-down&quot;&gt;&lt;\/i&gt;\"><span class=\"jet-unfold__button-icon jet-tricks-icon\"><i aria-hidden=\"true\" class=\"fas fa-chevron-down\"><\/i><\/span><span class=\"jet-unfold__button-text\">Lire la suite<\/span><\/div>\t\t\t\t<\/div>\n\t\t\t<\/div>\n\t\t<\/div>\n\t\t\t\t<\/div>\n\t\t\t\t<\/div>\n\t\t\t\t\t<\/div>\n\t\t<\/div>\n\t\t\t\t\t\t\t<\/div>\n\t\t<\/section>\n\t\t\t\t\t\t<\/div>\n\t\t\t\t\t<\/div>\n\t\t","protected":false},"excerpt":{"rendered":"<p>Pr\u00e9sentation du cabinet Home Ma\u00eetre Arnaud Silv\u00e8re YANSOUNOU est docteur en droit de l\u2019Universit\u00e9 Montesquieu Bordeaux IV, et titulaire d\u2019un Master II Recherche \u00ab\u00a0Droit de la responsabilit\u00e9\u00a0\u00bb de\u00a0 l\u2019Universit\u00e9 de La Rochelle. Situ\u00e9 au 65 Boulevard Ulysse Casse \u00e0 Marmande (47200), le cabinet de Ma\u00eetre Arnaud Silv\u00e8re YANSOUNOU est \u00e0 votre disposition du lundi au [&hellip;]<\/p>\n","protected":false},"author":1,"featured_media":0,"parent":0,"menu_order":0,"comment_status":"closed","ping_status":"closed","template":"full-width.php","meta":{"footnotes":""},"class_list":["post-71","page","type-page","status-publish","hentry"],"_links":{"self":[{"href":"https:\/\/arnaudyansounou-avocat.fr\/index.php?rest_route=\/wp\/v2\/pages\/71","targetHints":{"allow":["GET"]}}],"collection":[{"href":"https:\/\/arnaudyansounou-avocat.fr\/index.php?rest_route=\/wp\/v2\/pages"}],"about":[{"href":"https:\/\/arnaudyansounou-avocat.fr\/index.php?rest_route=\/wp\/v2\/types\/page"}],"author":[{"embeddable":true,"href":"https:\/\/arnaudyansounou-avocat.fr\/index.php?rest_route=\/wp\/v2\/users\/1"}],"replies":[{"embeddable":true,"href":"https:\/\/arnaudyansounou-avocat.fr\/index.php?rest_route=%2Fwp%2Fv2%2Fcomments&post=71"}],"version-history":[{"count":29,"href":"https:\/\/arnaudyansounou-avocat.fr\/index.php?rest_route=\/wp\/v2\/pages\/71\/revisions"}],"predecessor-version":[{"id":1069,"href":"https:\/\/arnaudyansounou-avocat.fr\/index.php?rest_route=\/wp\/v2\/pages\/71\/revisions\/1069"}],"wp:attachment":[{"href":"https:\/\/arnaudyansounou-avocat.fr\/index.php?rest_route=%2Fwp%2Fv2%2Fmedia&parent=71"}],"curies":[{"name":"wp","href":"https:\/\/api.w.org\/{rel}","templated":true}]}}