{"id":949,"date":"2021-05-27T16:42:23","date_gmt":"2021-05-27T14:42:23","guid":{"rendered":"http:\/\/arnaudyansounou-avocat.fr\/?page_id=949"},"modified":"2021-10-20T14:36:35","modified_gmt":"2021-10-20T12:36:35","slug":"honoraires","status":"publish","type":"page","link":"https:\/\/arnaudyansounou-avocat.fr\/?page_id=949","title":{"rendered":"Honoraires"},"content":{"rendered":"\t\t<div data-elementor-type=\"wp-page\" data-elementor-id=\"949\" class=\"elementor elementor-949\" data-elementor-settings=\"[]\">\n\t\t\t\t\t\t\t<div class=\"elementor-section-wrap\">\n\t\t\t\t\t\t\t<section class=\"elementor-section elementor-top-section elementor-element elementor-element-043a0b7 elementor-section-boxed elementor-section-height-default elementor-section-height-default\" data-id=\"043a0b7\" data-element_type=\"section\" data-settings=\"{&quot;background_background&quot;:&quot;classic&quot;}\">\n\t\t\t\t\t\t<div class=\"elementor-container elementor-column-gap-no\">\n\t\t\t\t\t<div class=\"elementor-column elementor-col-100 elementor-top-column elementor-element elementor-element-4e8fe02\" data-id=\"4e8fe02\" data-element_type=\"column\">\n\t\t\t<div class=\"elementor-widget-wrap elementor-element-populated\">\n\t\t\t\t\t\t\t\t<div class=\"elementor-element elementor-element-d47fa56 elementor-widget elementor-widget-heading\" data-id=\"d47fa56\" data-element_type=\"widget\" data-widget_type=\"heading.default\">\n\t\t\t\t<div class=\"elementor-widget-container\">\n\t\t\t<h1 class=\"elementor-heading-title elementor-size-default\">\u00c9quipe<\/h1>\t\t<\/div>\n\t\t\t\t<\/div>\n\t\t\t\t<div class=\"elementor-element elementor-element-b6758bf elementor-align-center elementor-widget elementor-widget-raven-breadcrumbs\" data-id=\"b6758bf\" data-element_type=\"widget\" data-widget_type=\"raven-breadcrumbs.default\">\n\t\t\t\t<div class=\"elementor-widget-container\">\n\t\t\t<div class=\"raven-breadcrumbs raven-breadcrumbs-default\"><ol class=\"breadcrumb\">\t\t\t\t<li class=\"breadcrumb-item active\" aria-current=\"page\"><span>Home<\/span><\/li>\n\n\t\t\t\t<\/ol><\/div>\t\t<\/div>\n\t\t\t\t<\/div>\n\t\t\t\t\t<\/div>\n\t\t<\/div>\n\t\t\t\t\t\t\t<\/div>\n\t\t<\/section>\n\t\t\t\t<section class=\"elementor-section elementor-top-section elementor-element elementor-element-5e30e43 elementor-section-boxed elementor-section-height-default elementor-section-height-default\" data-id=\"5e30e43\" data-element_type=\"section\">\n\t\t\t\t\t\t<div class=\"elementor-container elementor-column-gap-default\">\n\t\t\t\t\t<div class=\"elementor-column elementor-col-100 elementor-top-column elementor-element elementor-element-097d68e\" data-id=\"097d68e\" data-element_type=\"column\">\n\t\t\t<div class=\"elementor-widget-wrap elementor-element-populated\">\n\t\t\t\t\t\t\t\t<div class=\"elementor-element elementor-element-3713383 elementor-widget elementor-widget-spacer\" data-id=\"3713383\" data-element_type=\"widget\" data-widget_type=\"spacer.default\">\n\t\t\t\t<div class=\"elementor-widget-container\">\n\t\t\t\t\t<div class=\"elementor-spacer\">\n\t\t\t<div class=\"elementor-spacer-inner\"><\/div>\n\t\t<\/div>\n\t\t\t\t<\/div>\n\t\t\t\t<\/div>\n\t\t\t\t\t<\/div>\n\t\t<\/div>\n\t\t\t\t\t\t\t<\/div>\n\t\t<\/section>\n\t\t\t\t<section class=\"elementor-section elementor-top-section elementor-element elementor-element-a099452 elementor-section-boxed elementor-section-height-default elementor-section-height-default\" data-id=\"a099452\" data-element_type=\"section\">\n\t\t\t\t\t\t<div class=\"elementor-container elementor-column-gap-default\">\n\t\t\t\t\t<div class=\"elementor-column elementor-col-50 elementor-top-column elementor-element elementor-element-d199734\" data-id=\"d199734\" data-element_type=\"column\">\n\t\t\t<div class=\"elementor-widget-wrap elementor-element-populated\">\n\t\t\t\t\t\t\t\t<div class=\"elementor-element elementor-element-7b4eea6 elementor-widget elementor-widget-text-editor\" data-id=\"7b4eea6\" data-element_type=\"widget\" data-widget_type=\"text-editor.default\">\n\t\t\t\t<div class=\"elementor-widget-container\">\n\t\t\t\t\t\t\t<p>La <strong>SELARL d\u2019AVOCAT ARNAUD YANSOUNOU<\/strong>, (Anciennement SCP D\u2019AVOCATS ROINAC &amp; YANSOUNOU), <strong>inscrite au Barreau d\u2019AGEN, demeurant 65 Boulevard Ulysse Casse \u2013 47200 MARMANDE<\/strong>, \u00e9tablit ses honoraires en toute transparence avec ses clients, selon <strong>la nature, la difficult\u00e9 de l\u2019affaire, et du temps consacr\u00e9 au traitement du dossier<\/strong>.<\/p><p>En conformit\u00e9 avec les r\u00e8gles d\u00e9ontologiques de la profession, les honoraires feront l\u2019objet d\u2019un devis, soumis \u00e0 l\u2019accord du client.<\/p><p>Le cabinet de Ma\u00eetre Arnaud Silv\u00e8re YANSOUNOU s\u2019engage \u00e0 <strong>\u00e9voquer, d\u00e8s le premier rendez-vous la question des honoraires<\/strong>, apr\u00e8s avoir pris connaissance de l\u2019affaire. Le mode de r\u00e9mun\u00e9ration le plus adapt\u00e9 au client et \u00e0 l\u2019affaire en cause sera syst\u00e9matiquement pr\u00e9conis\u00e9 par le cabinet.<\/p><p>Une convention d\u2019honoraires sera \u00e9tablie entre le cabinet et le client, afin de mat\u00e9rialiser la prestation propos\u00e9e, ainsi que son mode de r\u00e9mun\u00e9ration, dont la forme peut \u00eatre :<\/p>\t\t\t\t\t\t<\/div>\n\t\t\t\t<\/div>\n\t\t\t\t\t<\/div>\n\t\t<\/div>\n\t\t\t\t<div class=\"elementor-column elementor-col-50 elementor-top-column elementor-element elementor-element-e500487\" data-id=\"e500487\" data-element_type=\"column\">\n\t\t\t<div class=\"elementor-widget-wrap elementor-element-populated\">\n\t\t\t\t\t\t\t\t<div class=\"elementor-element elementor-element-f9cae5b elementor-widget elementor-widget-toggle\" data-id=\"f9cae5b\" data-element_type=\"widget\" data-widget_type=\"toggle.default\">\n\t\t\t\t<div class=\"elementor-widget-container\">\n\t\t\t\t\t<div class=\"elementor-toggle\" role=\"tablist\">\n\t\t\t\t\t\t\t<div class=\"elementor-toggle-item\">\n\t\t\t\t\t<div id=\"elementor-tab-title-2611\" class=\"elementor-tab-title\" data-tab=\"1\" role=\"tab\" aria-controls=\"elementor-tab-content-2611\" aria-expanded=\"false\">\n\t\t\t\t\t\t\t\t\t\t\t\t<span class=\"elementor-toggle-icon elementor-toggle-icon-left\" aria-hidden=\"true\">\n\t\t\t\t\t\t\t\t\t\t\t\t\t\t\t<span class=\"elementor-toggle-icon-closed\"><i class=\"fas fa-caret-right\"><\/i><\/span>\n\t\t\t\t\t\t\t\t<span class=\"elementor-toggle-icon-opened\"><i class=\"elementor-toggle-icon-opened fas fa-angle-double-up\"><\/i><\/span>\n\t\t\t\t\t\t\t\t\t\t\t\t\t<\/span>\n\t\t\t\t\t\t\t\t\t\t\t\t<a href=\"\" class=\"elementor-toggle-title\">AU TEMPS PASS\u00c9<\/a>\n\t\t\t\t\t<\/div>\n\n\t\t\t\t\t<div id=\"elementor-tab-content-2611\" class=\"elementor-tab-content elementor-clearfix\" data-tab=\"1\" role=\"tabpanel\" aria-labelledby=\"elementor-tab-title-2611\"><p>Le montant des honoraires sera fonction du temps pass\u00e9 par l\u2019avocat et de son tarif horaire. Lorsque cette formule de r\u00e9mun\u00e9ration est adopt\u00e9e, le cabinet de Ma\u00eetre Arnaud Silv\u00e8re YANSOUNOU indique \u00e0 son client le nombre pr\u00e9visionnel d\u2019heures n\u00e9cessaires au traitement de son dossier, et tient \u00e0 sa disposition un d\u00e9compte du temps consacr\u00e9 \u00e0 son affaire.<\/p><\/div>\n\t\t\t\t<\/div>\n\t\t\t\t\t\t\t<div class=\"elementor-toggle-item\">\n\t\t\t\t\t<div id=\"elementor-tab-title-2612\" class=\"elementor-tab-title\" data-tab=\"2\" role=\"tab\" aria-controls=\"elementor-tab-content-2612\" aria-expanded=\"false\">\n\t\t\t\t\t\t\t\t\t\t\t\t<span class=\"elementor-toggle-icon elementor-toggle-icon-left\" aria-hidden=\"true\">\n\t\t\t\t\t\t\t\t\t\t\t\t\t\t\t<span class=\"elementor-toggle-icon-closed\"><i class=\"fas fa-caret-right\"><\/i><\/span>\n\t\t\t\t\t\t\t\t<span class=\"elementor-toggle-icon-opened\"><i class=\"elementor-toggle-icon-opened fas fa-angle-double-up\"><\/i><\/span>\n\t\t\t\t\t\t\t\t\t\t\t\t\t<\/span>\n\t\t\t\t\t\t\t\t\t\t\t\t<a href=\"\" class=\"elementor-toggle-title\">AU FORFAIT<\/a>\n\t\t\t\t\t<\/div>\n\n\t\t\t\t\t<div id=\"elementor-tab-content-2612\" class=\"elementor-tab-content elementor-clearfix\" data-tab=\"2\" role=\"tabpanel\" aria-labelledby=\"elementor-tab-title-2612\"><p>Dans ce cas, un montant fixe est vers\u00e9 pour l\u2019ensemble de la proc\u00e9dure. Ce syst\u00e8me de fixation des honoraires est particuli\u00e8rement adapt\u00e9 aux affaires pour lesquelles le cabinet d\u2019avocats est en mesure d\u2019estimer par avance le temps n\u00e9cessaire au traitement du dossier.<\/p><\/div>\n\t\t\t\t<\/div>\n\t\t\t\t\t\t\t<div class=\"elementor-toggle-item\">\n\t\t\t\t\t<div id=\"elementor-tab-title-2613\" class=\"elementor-tab-title\" data-tab=\"3\" role=\"tab\" aria-controls=\"elementor-tab-content-2613\" aria-expanded=\"false\">\n\t\t\t\t\t\t\t\t\t\t\t\t<span class=\"elementor-toggle-icon elementor-toggle-icon-left\" aria-hidden=\"true\">\n\t\t\t\t\t\t\t\t\t\t\t\t\t\t\t<span class=\"elementor-toggle-icon-closed\"><i class=\"fas fa-caret-right\"><\/i><\/span>\n\t\t\t\t\t\t\t\t<span class=\"elementor-toggle-icon-opened\"><i class=\"elementor-toggle-icon-opened fas fa-angle-double-up\"><\/i><\/span>\n\t\t\t\t\t\t\t\t\t\t\t\t\t<\/span>\n\t\t\t\t\t\t\t\t\t\t\t\t<a href=\"\" class=\"elementor-toggle-title\">AU R\u00c9SULTAT<\/a>\n\t\t\t\t\t<\/div>\n\n\t\t\t\t\t<div id=\"elementor-tab-content-2613\" class=\"elementor-tab-content elementor-clearfix\" data-tab=\"3\" role=\"tabpanel\" aria-labelledby=\"elementor-tab-title-2613\"><p>Lorsque le cabinet et le client l\u2019ont express\u00e9ment pr\u00e9vu dans la convention d\u2019honoraires, un compl\u00e9ment de r\u00e9mun\u00e9ration, bas\u00e9 sur l\u2019obtention d\u2019un r\u00e9sultat pr\u00e9cis pour le client, peut venir s\u2019ajouter \u00e0 un honoraire \u00ab minimum \u00bb, bas\u00e9 sur un forfait ou un quota d\u2019heures. L\u2019honoraire de r\u00e9sultat ne peut cependant \u00eatre le seul mode de r\u00e9mun\u00e9ration de l\u2019avocat.<\/p><\/div>\n\t\t\t\t<\/div>\n\t\t\t\t\t\t\t\t<\/div>\n\t\t\t\t<\/div>\n\t\t\t\t<\/div>\n\t\t\t\t<div class=\"elementor-element elementor-element-0d9c2ec elementor-widget elementor-widget-spacer\" data-id=\"0d9c2ec\" data-element_type=\"widget\" data-widget_type=\"spacer.default\">\n\t\t\t\t<div class=\"elementor-widget-container\">\n\t\t\t\t\t<div class=\"elementor-spacer\">\n\t\t\t<div class=\"elementor-spacer-inner\"><\/div>\n\t\t<\/div>\n\t\t\t\t<\/div>\n\t\t\t\t<\/div>\n\t\t\t\t<div class=\"elementor-element elementor-element-7785330 elementor-widget elementor-widget-heading\" data-id=\"7785330\" data-element_type=\"widget\" data-widget_type=\"heading.default\">\n\t\t\t\t<div class=\"elementor-widget-container\">\n\t\t\t<h2 class=\"elementor-heading-title elementor-size-default\">Utilisez le bouton \u00e7i-dessous pour payer vos honoraires en ligne. S\u00e9curis\u00e9 et rapide !<\/h2>\t\t<\/div>\n\t\t\t\t<\/div>\n\t\t\t\t<div class=\"elementor-element elementor-element-7686d34 elementor-align-center elementor-widget elementor-widget-button\" data-id=\"7686d34\" data-element_type=\"widget\" data-widget_type=\"button.default\">\n\t\t\t\t<div class=\"elementor-widget-container\">\n\t\t\t\t\t<div class=\"elementor-button-wrapper\">\n\t\t\t<a href=\"https:\/\/buy.stripe.com\/9AQfZuesa3HsctG144\" target=\"_blank\" class=\"elementor-button-link elementor-button elementor-size-lg\" role=\"button\">\n\t\t\t\t\t\t<span class=\"elementor-button-content-wrapper\">\n\t\t\t\t\t\t<span class=\"elementor-button-text\">Payer mes honoraires ici<\/span>\n\t\t<\/span>\n\t\t\t\t\t<\/a>\n\t\t<\/div>\n\t\t\t\t<\/div>\n\t\t\t\t<\/div>\n\t\t\t\t<div class=\"elementor-element elementor-element-61f4415 elementor-widget elementor-widget-text-editor\" data-id=\"61f4415\" data-element_type=\"widget\" data-widget_type=\"text-editor.default\">\n\t\t\t\t<div class=\"elementor-widget-container\">\n\t\t\t\t\t\t\t<div class=\"forminator-ui forminator-custom-form forminator-custom-form-1504 forminator-design--flat  forminator_ajax\" data-forminator-render=\"0\" data-form=\"forminator-module-1504\"><br\/><\/div><form\n\t\t\t\tid=\"forminator-module-1504\"\n\t\t\t\tclass=\"forminator-ui forminator-custom-form forminator-custom-form-1504 forminator-design--flat  forminator_ajax\"\n\t\t\t\tmethod=\"post\"\n\t\t\t\tdata-forminator-render=\"0\"\n\t\t\t\tdata-form-id=\"1504\"\n\t\t\t\t\n\t\t\t\tdata-design=\"flat\"\n\t\t\t\t\n\t\t\t\t\n\t\t\t\t\n\t\t\t\tdata-grid=\"open\"\n\t\t\t\t\n\t\t\t\t\n\t\t\t\tstyle=\"display: none;\"\n\t\t\t><div class=\"forminator-response-message forminator-error\" aria-hidden=\"true\"><\/div><div class=\"forminator-row\"><div id=\"text-1\" class=\"forminator-col forminator-col-12 \"><div class=\"forminator-field\"><label for=\"forminator-field-text-1\" class=\"forminator-label\">Votre nom et pr\u00e9nom <span class=\"forminator-required\">*<\/span><\/label><input type=\"text\" name=\"text-1\" value=\"\" placeholder=\"\" id=\"forminator-field-text-1\" class=\"forminator-input forminator-name--field\" data-required=\"1\" \/><\/div><\/div><\/div><div class=\"forminator-row\"><div id=\"email-1\" class=\"forminator-col forminator-col-12 \"><div class=\"forminator-field\"><label for=\"forminator-field-email-1\" class=\"forminator-label\">Votre e-mail <span class=\"forminator-required\">*<\/span><\/label><input type=\"email\" name=\"email-1\" value=\"\" placeholder=\"\" id=\"forminator-field-email-1\" class=\"forminator-input forminator-email--field\" data-required=\"1\" aria-required=\"true\" \/><\/div><\/div><\/div><div class=\"forminator-row\"><div id=\"stripe-1\" class=\"forminator-col forminator-col-12 \"><div class=\"forminator-field\"><label for=\"stripe-1-field\" class=\"forminator-label\">Carte de cr\u00e9dit\/d\u00e9bit <span class=\"forminator-required\">*<\/span><\/label><div id=\"card-element-69fb44e96222a\" data-field-id=\"69fb44e96222a\" data-is-payment=\"true\" data-payment-type=\"stripe\" data-secret=\"\" data-paymentid=\"\" data-key=\"pk_live_51JZez7Dw1U21CvYk5uF1Ke09HMAawnENVtDIr6rokx1y1f8wLl8PQwjJ10xXvbfdXiCiswq4UcQUNwQAWHzercyY00SlN4IxcB\" data-card-icon=\"1\" data-veify-zip=\"\" data-zip-field=\"\" data-language=\"fr\" data-base-class=\"StripeElement\" data-complete-class=\"StripeElement--complete\" data-empty-class=\"StripeElement--empty\" data-focused-class=\"StripeElement--focus\" data-invalid-class=\"StripeElement--invalid\" data-autofilled-class=\"StripeElement--webkit-autofill\" data-billing=\"1\" data-billing-name=\"\" data-billing-email=\"\" data-billing-address=\"\" data-receipt=\"1\" data-receipt-email=\"email-1\" data-custom-fonts=\"\" data-placeholder=\"#888888\" data-font-color=\"#000000\" data-font-color-focus=\"#000000\" data-font-color-error=\"#000000\" data-font-size=\"16px\" data-font-family=\"inherit\" data-font-weight=\"400\" data-icon-color=\"#777771\" data-icon-color-hover=\"#17A8E3\" data-icon-color-focus=\"#17A8E3\" data-icon-color-error=\"#E04562\"\" class=\"forminator-stripe-element\"><\/div><input type=\"hidden\" name=\"paymentid\" value=\"\" id=\"forminator-stripe-paymentid\"\/><input type=\"hidden\" name=\"paymentmethod\" value=\"\" id=\"forminator-stripe-paymentmethod\"\/><input type=\"hidden\" name=\"subscriptionid\" value=\"\" id=\"forminator-stripe-subscriptionid\"\/><span class=\"forminator-card-message\"><span class=\"forminator-error-message\" aria-hidden=\"true\"><\/span><\/span><span class=\"forminator-description\" aria-describedby=\"\">Payer les honoraires<\/span><\/div><\/div><\/div><div class=\"forminator-row\"><div id=\"gdprcheckbox-1\" class=\"forminator-col forminator-col-12 \"><div class=\"forminator-field\"><label for=\"forminator-field-gdprcheckbox-1-69fb44e9622b3\" class=\"forminator-checkbox\"><input type=\"checkbox\" name=\"gdprcheckbox-1\" value=\"true\" id=\"forminator-field-gdprcheckbox-1-69fb44e9622b3\" data-required=\"true\" aria-required=\"true\" \/><span class=\"forminator-checkbox-box\" aria-hidden=\"true\"><\/span><span class=\"forminator-checkbox-label\">J&rsquo;accepte le traitement de mes donn\u00e9es<\/span><\/label><\/div><\/div><\/div><input type=\"hidden\" name=\"referer_url\" value=\"\" \/><div class=\"forminator-row forminator-row-last\"><div class=\"forminator-col\"><div class=\"forminator-field\"><button class=\"forminator-button forminator-button-submit\">Envoyer<\/button><\/div><\/div><\/div><input type=\"hidden\" id=\"forminator_nonce\" name=\"forminator_nonce\" value=\"3340e9472f\" \/><input type=\"hidden\" name=\"_wp_http_referer\" value=\"\/index.php?rest_route=%2Fwp%2Fv2%2Fpages%2F949\" \/><input type=\"hidden\" name=\"form_id\" value=\"1504\"><input type=\"hidden\" name=\"page_id\" value=\"949\"><input type=\"hidden\" name=\"form_type\" value=\"default\"><input type=\"hidden\" name=\"current_url\" value=\"https:\/\/arnaudyansounou-avocat.fr\/?rest_route=%2Fwp%2Fv2%2Fpages%2F949\"><input type=\"hidden\" name=\"render_id\" value=\"0\"><input type=\"hidden\" name=\"action\" value=\"forminator_submit_form_custom-forms\"><\/form>\t\t\t\t\t\t<\/div>\n\t\t\t\t<\/div>\n\t\t\t\t<div class=\"elementor-element elementor-element-777725a elementor-widget elementor-widget-heading\" data-id=\"777725a\" data-element_type=\"widget\" data-widget_type=\"heading.default\">\n\t\t\t\t<div class=\"elementor-widget-container\">\n\t\t\t<h2 class=\"elementor-heading-title elementor-size-default\">Utilisez le bouton \u00e7i-dessous pour payer vos honoraires en ligne. S\u00e9curis\u00e9 et rapide !<\/h2>\t\t<\/div>\n\t\t\t\t<\/div>\n\t\t\t\t<div class=\"elementor-element elementor-element-d16f927 elementor-widget elementor-widget-text-editor\" data-id=\"d16f927\" data-element_type=\"widget\" data-widget_type=\"text-editor.default\">\n\t\t\t\t<div class=\"elementor-widget-container\">\n\t\t\t\t\t\t\t<p style=\"text-align: center;\"><div id=\"simpay-stripe_checkout-form-wrap-1560\" class=\"simpay-form-wrap simpay-stripe_checkout-form-wrap\"><form action=\"\" method=\"post\" class=\"simpay-checkout-form simpay-form-1560 simpay-styled\" id=\"simpay-form-1560\" data-simpay-form-id=\"1560\" ><div class=\"simpay-form-control\"><button id=\"\" class=\"simpay-btn simpay-payment-btn stripe-button-el\"><span>Payer mes honoraires<\/span><\/button><\/div><input type=\"hidden\" name=\"simpay_form_id\" value=\"1560\" \/><input type=\"hidden\" name=\"simpay_amount\" value=\"\" class=\"simpay-amount\" \/><div class=\"simpay-errors\" id=\"simpay-form-1560-error\"><\/div><input type=\"hidden\" id=\"_wpnonce\" name=\"_wpnonce\" value=\"e8893fea5f\" \/><input type=\"hidden\" name=\"_wp_http_referer\" value=\"\/index.php?rest_route=%2Fwp%2Fv2%2Fpages%2F949\" \/><\/form><\/div><\/p>\t\t\t\t\t\t<\/div>\n\t\t\t\t<\/div>\n\t\t\t\t\t<\/div>\n\t\t<\/div>\n\t\t\t\t\t\t\t<\/div>\n\t\t<\/section>\n\t\t\t\t<section class=\"elementor-section elementor-top-section elementor-element elementor-element-555e605 elementor-section-boxed elementor-section-height-default elementor-section-height-default\" data-id=\"555e605\" data-element_type=\"section\">\n\t\t\t\t\t\t<div class=\"elementor-container elementor-column-gap-default\">\n\t\t\t\t\t<div class=\"elementor-column elementor-col-100 elementor-top-column elementor-element elementor-element-5416f1f\" data-id=\"5416f1f\" data-element_type=\"column\">\n\t\t\t<div class=\"elementor-widget-wrap elementor-element-populated\">\n\t\t\t\t\t\t\t\t<div class=\"elementor-element elementor-element-4ea4f9c elementor-widget elementor-widget-spacer\" data-id=\"4ea4f9c\" data-element_type=\"widget\" data-widget_type=\"spacer.default\">\n\t\t\t\t<div class=\"elementor-widget-container\">\n\t\t\t\t\t<div class=\"elementor-spacer\">\n\t\t\t<div class=\"elementor-spacer-inner\"><\/div>\n\t\t<\/div>\n\t\t\t\t<\/div>\n\t\t\t\t<\/div>\n\t\t\t\t\t<\/div>\n\t\t<\/div>\n\t\t\t\t\t\t\t<\/div>\n\t\t<\/section>\n\t\t\t\t<section class=\"elementor-section elementor-top-section elementor-element elementor-element-df32706 elementor-section-boxed elementor-section-height-default elementor-section-height-default\" data-id=\"df32706\" data-element_type=\"section\">\n\t\t\t\t\t\t<div class=\"elementor-container elementor-column-gap-default\">\n\t\t\t\t\t<div class=\"elementor-column elementor-col-100 elementor-top-column elementor-element elementor-element-2f6b78b\" data-id=\"2f6b78b\" data-element_type=\"column\" data-settings=\"{&quot;background_background&quot;:&quot;classic&quot;}\">\n\t\t\t<div class=\"elementor-widget-wrap elementor-element-populated\">\n\t\t\t\t\t\t\t\t<div class=\"elementor-element elementor-element-9663cc5 elementor-tabs-view-horizontal elementor-widget elementor-widget-tabs\" data-id=\"9663cc5\" data-element_type=\"widget\" data-widget_type=\"tabs.default\">\n\t\t\t\t<div class=\"elementor-widget-container\">\n\t\t\t\t\t<div class=\"elementor-tabs\">\n\t\t\t<div class=\"elementor-tabs-wrapper\" role=\"tablist\" >\n\t\t\t\t\t\t\t\t\t<div id=\"elementor-tab-title-1571\" class=\"elementor-tab-title elementor-tab-desktop-title\" aria-selected=\"true\" data-tab=\"1\" role=\"tab\" tabindex=\"0\" aria-controls=\"elementor-tab-content-1571\" aria-expanded=\"false\">ASSURANCE PROTECTION JURIDIQUE<\/div>\n\t\t\t\t\t\t\t\t\t<div id=\"elementor-tab-title-1572\" class=\"elementor-tab-title elementor-tab-desktop-title\" aria-selected=\"false\" data-tab=\"2\" role=\"tab\" tabindex=\"-1\" aria-controls=\"elementor-tab-content-1572\" aria-expanded=\"false\">REMBOURSEMENT DE VOS HONORAIRES PAR LA PARTIE ADVERSE<\/div>\n\t\t\t\t\t\t\t<\/div>\n\t\t\t<div class=\"elementor-tabs-content-wrapper\" role=\"tablist\" aria-orientation=\"vertical\">\n\t\t\t\t\t\t\t\t\t<div class=\"elementor-tab-title elementor-tab-mobile-title\" aria-selected=\"true\" data-tab=\"1\" role=\"tab\" tabindex=\"0\" aria-controls=\"elementor-tab-content-1571\" aria-expanded=\"false\">ASSURANCE PROTECTION JURIDIQUE<\/div>\n\t\t\t\t\t<div id=\"elementor-tab-content-1571\" class=\"elementor-tab-content elementor-clearfix\" data-tab=\"1\" role=\"tabpanel\" aria-labelledby=\"elementor-tab-title-1571\" tabindex=\"0\" hidden=\"false\"><p>Le cabinet de Ma\u00eetre Arnaud Silv\u00e8re YANSOUNOU vous invite \u00e0 v\u00e9rifier, si vous disposez d\u2019une garantie protection juridique attach\u00e9e \u00e0 l\u2019un de vos contrats d\u2019assurance. Si tel est le cas, les honoraires du cabinet seront alors, en tout ou partie, pris en charge par votre assureur, dans la limite pr\u00e9vue au contrat d\u2019assurance.<\/p><p>Cette prise en charge par l\u2019assurance protection juridique ne remet cependant pas en cause la libert\u00e9 de choix de l\u2019avocat par le client.<\/p><\/div>\n\t\t\t\t\t\t\t\t\t<div class=\"elementor-tab-title elementor-tab-mobile-title\" aria-selected=\"false\" data-tab=\"2\" role=\"tab\" tabindex=\"-1\" aria-controls=\"elementor-tab-content-1572\" aria-expanded=\"false\">REMBOURSEMENT DE VOS HONORAIRES PAR LA PARTIE ADVERSE<\/div>\n\t\t\t\t\t<div id=\"elementor-tab-content-1572\" class=\"elementor-tab-content elementor-clearfix\" data-tab=\"2\" role=\"tabpanel\" aria-labelledby=\"elementor-tab-title-1572\" tabindex=\"0\" hidden=\"hidden\"><p>Suite \u00e0 un contentieux en justice, le juge peut d\u00e9cider de condamner la partie adverse \u00e0 vous indemniser pour les honoraires pay\u00e9s et les frais engag\u00e9s lors de la proc\u00e9dure.<\/p><p>En mati\u00e8re civile, cette <strong>indemnisation est pr\u00e9vue par l\u2019article 700 du Code de Proc\u00e9dure Civile, et en mati\u00e8re p\u00e9nale, par l\u2019article 475-1 du code de proc\u00e9dure p\u00e9nale.<\/strong><\/p><\/div>\n\t\t\t\t\t\t\t<\/div>\n\t\t<\/div>\n\t\t\t\t<\/div>\n\t\t\t\t<\/div>\n\t\t\t\t\t<\/div>\n\t\t<\/div>\n\t\t\t\t\t\t\t<\/div>\n\t\t<\/section>\n\t\t\t\t<section class=\"elementor-section elementor-top-section elementor-element elementor-element-df89038 elementor-section-boxed elementor-section-height-default elementor-section-height-default\" data-id=\"df89038\" data-element_type=\"section\">\n\t\t\t\t\t\t<div class=\"elementor-container elementor-column-gap-default\">\n\t\t\t\t\t<div class=\"elementor-column elementor-col-100 elementor-top-column elementor-element elementor-element-fda574d\" data-id=\"fda574d\" data-element_type=\"column\">\n\t\t\t<div class=\"elementor-widget-wrap elementor-element-populated\">\n\t\t\t\t\t\t\t\t<div class=\"elementor-element elementor-element-5d14acf elementor-widget elementor-widget-spacer\" data-id=\"5d14acf\" data-element_type=\"widget\" data-widget_type=\"spacer.default\">\n\t\t\t\t<div class=\"elementor-widget-container\">\n\t\t\t\t\t<div class=\"elementor-spacer\">\n\t\t\t<div class=\"elementor-spacer-inner\"><\/div>\n\t\t<\/div>\n\t\t\t\t<\/div>\n\t\t\t\t<\/div>\n\t\t\t\t\t<\/div>\n\t\t<\/div>\n\t\t\t\t\t\t\t<\/div>\n\t\t<\/section>\n\t\t\t\t\t\t<\/div>\n\t\t\t\t\t<\/div>\n\t\t","protected":false},"excerpt":{"rendered":"<p>\u00c9quipe Home La SELARL d\u2019AVOCAT ARNAUD YANSOUNOU, (Anciennement SCP D\u2019AVOCATS ROINAC &amp; YANSOUNOU), inscrite au Barreau d\u2019AGEN, demeurant 65 Boulevard Ulysse Casse \u2013 47200 MARMANDE, \u00e9tablit ses honoraires en toute transparence avec ses clients, selon la nature, la difficult\u00e9 de l\u2019affaire, et du temps consacr\u00e9 au traitement du dossier. En conformit\u00e9 avec les r\u00e8gles d\u00e9ontologiques [&hellip;]<\/p>\n","protected":false},"author":1,"featured_media":0,"parent":0,"menu_order":0,"comment_status":"closed","ping_status":"closed","template":"full-width.php","meta":{"footnotes":""},"class_list":["post-949","page","type-page","status-publish","hentry"],"_links":{"self":[{"href":"https:\/\/arnaudyansounou-avocat.fr\/index.php?rest_route=\/wp\/v2\/pages\/949","targetHints":{"allow":["GET"]}}],"collection":[{"href":"https:\/\/arnaudyansounou-avocat.fr\/index.php?rest_route=\/wp\/v2\/pages"}],"about":[{"href":"https:\/\/arnaudyansounou-avocat.fr\/index.php?rest_route=\/wp\/v2\/types\/page"}],"author":[{"embeddable":true,"href":"https:\/\/arnaudyansounou-avocat.fr\/index.php?rest_route=\/wp\/v2\/users\/1"}],"replies":[{"embeddable":true,"href":"https:\/\/arnaudyansounou-avocat.fr\/index.php?rest_route=%2Fwp%2Fv2%2Fcomments&post=949"}],"version-history":[{"count":142,"href":"https:\/\/arnaudyansounou-avocat.fr\/index.php?rest_route=\/wp\/v2\/pages\/949\/revisions"}],"predecessor-version":[{"id":1636,"href":"https:\/\/arnaudyansounou-avocat.fr\/index.php?rest_route=\/wp\/v2\/pages\/949\/revisions\/1636"}],"wp:attachment":[{"href":"https:\/\/arnaudyansounou-avocat.fr\/index.php?rest_route=%2Fwp%2Fv2%2Fmedia&parent=949"}],"curies":[{"name":"wp","href":"https:\/\/api.w.org\/{rel}","templated":true}]}}