{"id":966,"date":"2021-06-01T13:45:07","date_gmt":"2021-06-01T11:45:07","guid":{"rendered":"http:\/\/arnaudyansounou-avocat.fr\/?page_id=966"},"modified":"2021-06-01T14:28:45","modified_gmt":"2021-06-01T12:28:45","slug":"droit-des-procedures-collectives","status":"publish","type":"page","link":"https:\/\/arnaudyansounou-avocat.fr\/?page_id=966","title":{"rendered":"Droit des proc\u00e9dures collectives"},"content":{"rendered":"\t\t<div data-elementor-type=\"wp-page\" data-elementor-id=\"966\" class=\"elementor elementor-966\" data-elementor-settings=\"[]\">\n\t\t\t\t\t\t\t<div class=\"elementor-section-wrap\">\n\t\t\t\t\t\t\t<section class=\"elementor-section elementor-top-section elementor-element elementor-element-043a0b7 elementor-section-boxed elementor-section-height-default elementor-section-height-default\" data-id=\"043a0b7\" data-element_type=\"section\" data-settings=\"{&quot;background_background&quot;:&quot;classic&quot;}\">\n\t\t\t\t\t\t<div class=\"elementor-container elementor-column-gap-no\">\n\t\t\t\t\t<div class=\"elementor-column elementor-col-100 elementor-top-column elementor-element elementor-element-4e8fe02\" data-id=\"4e8fe02\" data-element_type=\"column\">\n\t\t\t<div class=\"elementor-widget-wrap elementor-element-populated\">\n\t\t\t\t\t\t\t\t<div class=\"elementor-element elementor-element-d47fa56 elementor-widget elementor-widget-heading\" data-id=\"d47fa56\" data-element_type=\"widget\" data-widget_type=\"heading.default\">\n\t\t\t\t<div class=\"elementor-widget-container\">\n\t\t\t<h1 class=\"elementor-heading-title elementor-size-default\">Droit des proc\u00e9dures collectives<\/h1>\t\t<\/div>\n\t\t\t\t<\/div>\n\t\t\t\t<div class=\"elementor-element elementor-element-b6758bf elementor-align-center elementor-widget elementor-widget-raven-breadcrumbs\" data-id=\"b6758bf\" data-element_type=\"widget\" data-widget_type=\"raven-breadcrumbs.default\">\n\t\t\t\t<div class=\"elementor-widget-container\">\n\t\t\t<div class=\"raven-breadcrumbs raven-breadcrumbs-default\"><ol class=\"breadcrumb\">\t\t\t\t<li class=\"breadcrumb-item active\" aria-current=\"page\"><span>Home<\/span><\/li>\n\n\t\t\t\t<\/ol><\/div>\t\t<\/div>\n\t\t\t\t<\/div>\n\t\t\t\t\t<\/div>\n\t\t<\/div>\n\t\t\t\t\t\t\t<\/div>\n\t\t<\/section>\n\t\t\t\t<section class=\"elementor-section elementor-top-section elementor-element elementor-element-5120928 elementor-section-boxed elementor-section-height-default elementor-section-height-default\" data-id=\"5120928\" data-element_type=\"section\" data-settings=\"{&quot;background_background&quot;:&quot;classic&quot;}\">\n\t\t\t\t\t\t<div class=\"elementor-container elementor-column-gap-no\">\n\t\t\t\t\t<div class=\"elementor-column elementor-col-50 elementor-top-column elementor-element elementor-element-e3f46ef\" data-id=\"e3f46ef\" data-element_type=\"column\">\n\t\t\t<div class=\"elementor-widget-wrap elementor-element-populated\">\n\t\t\t\t\t\t\t\t<section class=\"elementor-section elementor-inner-section elementor-element elementor-element-13f794e elementor-section-boxed elementor-section-height-default elementor-section-height-default\" data-id=\"13f794e\" data-element_type=\"section\" data-settings=\"{&quot;background_background&quot;:&quot;classic&quot;}\">\n\t\t\t\t\t\t<div class=\"elementor-container elementor-column-gap-no\">\n\t\t\t\t\t<div class=\"elementor-column elementor-col-100 elementor-inner-column elementor-element elementor-element-e76588e\" data-id=\"e76588e\" data-element_type=\"column\">\n\t\t\t<div class=\"elementor-widget-wrap elementor-element-populated\">\n\t\t\t\t\t\t\t\t<div class=\"elementor-element elementor-element-44e5796 elementor-view-stacked elementor-shape-circle elementor-position-top elementor-vertical-align-top elementor-widget elementor-widget-icon-box\" data-id=\"44e5796\" data-element_type=\"widget\" data-widget_type=\"icon-box.default\">\n\t\t\t\t<div class=\"elementor-widget-container\">\n\t\t\t\t\t<div class=\"elementor-icon-box-wrapper\">\n\t\t\t\t\t\t<div class=\"elementor-icon-box-icon\">\n\t\t\t\t<span class=\"elementor-icon elementor-animation-\" >\n\t\t\t\t<i aria-hidden=\"true\" class=\"fas fa-headset\"><\/i>\t\t\t\t<\/span>\n\t\t\t<\/div>\n\t\t\t\t\t\t<div class=\"elementor-icon-box-content\">\n\t\t\t\t<h3 class=\"elementor-icon-box-title\">\n\t\t\t\t\t<span  >\n\t\t\t\t\t\tNous contacter\t\t\t\t\t<\/span>\n\t\t\t\t<\/h3>\n\t\t\t\t\t\t\t<\/div>\n\t\t<\/div>\n\t\t\t\t<\/div>\n\t\t\t\t<\/div>\n\t\t\t\t<div class=\"elementor-element elementor-element-743289a elementor-align-center elementor-tablet-align-center elementor-widget elementor-widget-raven-button\" data-id=\"743289a\" data-element_type=\"widget\" data-widget_type=\"raven-button.default\">\n\t\t\t\t<div class=\"elementor-widget-container\">\n\t\t\t\t\t<div class=\"raven-widget-wrapper\">\n\t\t\t<a class=\"raven-button raven-button-link elementor-animation-grow\" href=\"#\">\n\t\t\t\t<span class=\"raven-button-content\">\n\t\t\t\t\t\t\t\t\t\t<span class=\"raven-button-text\">\n\t\t\t\t\t\t05.53.64.23.85\t\t\t\t\t\t\t\t\t\t\t<\/span>\n\t\t\t\t<\/span>\n\t\t\t<\/a>\n\t\t<\/div>\n\t\t\t\t<\/div>\n\t\t\t\t<\/div>\n\t\t\t\t<div class=\"elementor-element elementor-element-af24213 elementor-align-center elementor-icon-list--layout-traditional elementor-list-item-link-full_width elementor-widget elementor-widget-icon-list\" data-id=\"af24213\" data-element_type=\"widget\" data-widget_type=\"icon-list.default\">\n\t\t\t\t<div class=\"elementor-widget-container\">\n\t\t\t\t\t<ul class=\"elementor-icon-list-items\">\n\t\t\t\t\t\t\t<li class=\"elementor-icon-list-item\">\n\t\t\t\t\t\t\t\t\t\t\t<a href=\"mailto:info@yourdomain.com\">\n\n\t\t\t\t\t\t\t\t\t\t\t<span class=\"elementor-icon-list-text\">secretariat.yansounou@gmail.com<\/span>\n\t\t\t\t\t\t\t\t\t\t\t<\/a>\n\t\t\t\t\t\t\t\t\t<\/li>\n\t\t\t\t\t\t\t\t<li class=\"elementor-icon-list-item\">\n\t\t\t\t\t\t\t\t\t\t\t<a href=\"mailto:info@yourdomain.com\">\n\n\t\t\t\t\t\t\t\t\t\t\t<span class=\"elementor-icon-list-text\">arnaud.yansounou@gmail.com<\/span>\n\t\t\t\t\t\t\t\t\t\t\t<\/a>\n\t\t\t\t\t\t\t\t\t<\/li>\n\t\t\t\t\t\t<\/ul>\n\t\t\t\t<\/div>\n\t\t\t\t<\/div>\n\t\t\t\t\t<\/div>\n\t\t<\/div>\n\t\t\t\t\t\t\t<\/div>\n\t\t<\/section>\n\t\t\t\t\t<\/div>\n\t\t<\/div>\n\t\t\t\t<div class=\"elementor-column elementor-col-50 elementor-top-column elementor-element elementor-element-9f4ea45\" data-id=\"9f4ea45\" data-element_type=\"column\">\n\t\t\t<div class=\"elementor-widget-wrap elementor-element-populated\">\n\t\t\t\t\t\t\t\t<div class=\"elementor-element elementor-element-056d6de elementor-widget elementor-widget-text-editor\" data-id=\"056d6de\" data-element_type=\"widget\" data-widget_type=\"text-editor.default\">\n\t\t\t\t<div class=\"elementor-widget-container\">\n\t\t\t\t\t\t\t<p><img loading=\"lazy\" decoding=\"async\" class=\" wp-image-1009 alignleft\" src=\"http:\/\/arnaudyansounou-avocat.fr\/wp-content\/uploads\/2021\/06\/droit_procedures_collectives_img-300x240.jpeg\" alt=\"\" width=\"338\" height=\"271\" srcset=\"https:\/\/arnaudyansounou-avocat.fr\/wp-content\/uploads\/2021\/06\/droit_procedures_collectives_img-300x240.jpeg 300w, https:\/\/arnaudyansounou-avocat.fr\/wp-content\/uploads\/2021\/06\/droit_procedures_collectives_img-768x614.jpeg 768w, https:\/\/arnaudyansounou-avocat.fr\/wp-content\/uploads\/2021\/06\/droit_procedures_collectives_img.jpeg 800w\" sizes=\"auto, (max-width: 338px) 100vw, 338px\" \/>La SELARL d\u2019AVOCAT ARNAUD YANSOUNOU, (Anciennement SCP D\u2019AVOCATS ROINAC &amp; YANSOUNOU), inscrite au Barreau d\u2019AGEN, demeurant 65 Boulevard Ulysse Casse \u2013 47200 MARMANDE, \u00e9tablit ses honoraires en toute transparence avec ses clients, selon la nature, la difficult\u00e9 de l\u2019affaire, et du temps consacr\u00e9 au traitement du dossier.<\/p><p>En conformit\u00e9 avec les r\u00e8gles d\u00e9ontologiques de la profession, les honoraires feront l\u2019objet d\u2019un devis, soumis \u00e0 l\u2019accord du client.<br \/>Le Cabinet de Ma\u00eetre Arnaud Silv\u00e8re YANSOUNOU s\u2019engage \u00e0 \u00e9voquer, d\u00e8s le premier rendez-vous la question des honoraires, apr\u00e8s avoir pris connaissance de l\u2019affaire. Le mode de r\u00e9mun\u00e9ration le plus adapt\u00e9 au client et \u00e0 l\u2019affaire en cause sera syst\u00e9matiquement pr\u00e9conis\u00e9 par le cabinet.<\/p><p>Une convention d\u2019honoraires sera \u00e9tablie entre le cabinet et le client, afin de mat\u00e9rialiser la prestation propos\u00e9e, ainsi que son mode de r\u00e9mun\u00e9ration, dont la forme peut \u00eatre :<\/p>\t\t\t\t\t\t<\/div>\n\t\t\t\t<\/div>\n\t\t\t\t\t<\/div>\n\t\t<\/div>\n\t\t\t\t\t\t\t<\/div>\n\t\t<\/section>\n\t\t\t\t\t\t<\/div>\n\t\t\t\t\t<\/div>\n\t\t","protected":false},"excerpt":{"rendered":"<p>Droit des proc\u00e9dures collectives Home Nous contacter 05.53.64.23.85 secretariat.yansounou@gmail.com arnaud.yansounou@gmail.com La SELARL d\u2019AVOCAT ARNAUD YANSOUNOU, (Anciennement SCP D\u2019AVOCATS ROINAC &amp; YANSOUNOU), inscrite au Barreau d\u2019AGEN, demeurant 65 Boulevard Ulysse Casse \u2013 47200 MARMANDE, \u00e9tablit ses honoraires en toute transparence avec ses clients, selon la nature, la difficult\u00e9 de l\u2019affaire, et du temps consacr\u00e9 au traitement [&hellip;]<\/p>\n","protected":false},"author":1,"featured_media":0,"parent":0,"menu_order":0,"comment_status":"closed","ping_status":"closed","template":"full-width.php","meta":{"footnotes":""},"class_list":["post-966","page","type-page","status-publish","hentry"],"_links":{"self":[{"href":"https:\/\/arnaudyansounou-avocat.fr\/index.php?rest_route=\/wp\/v2\/pages\/966","targetHints":{"allow":["GET"]}}],"collection":[{"href":"https:\/\/arnaudyansounou-avocat.fr\/index.php?rest_route=\/wp\/v2\/pages"}],"about":[{"href":"https:\/\/arnaudyansounou-avocat.fr\/index.php?rest_route=\/wp\/v2\/types\/page"}],"author":[{"embeddable":true,"href":"https:\/\/arnaudyansounou-avocat.fr\/index.php?rest_route=\/wp\/v2\/users\/1"}],"replies":[{"embeddable":true,"href":"https:\/\/arnaudyansounou-avocat.fr\/index.php?rest_route=%2Fwp%2Fv2%2Fcomments&post=966"}],"version-history":[{"count":49,"href":"https:\/\/arnaudyansounou-avocat.fr\/index.php?rest_route=\/wp\/v2\/pages\/966\/revisions"}],"predecessor-version":[{"id":1018,"href":"https:\/\/arnaudyansounou-avocat.fr\/index.php?rest_route=\/wp\/v2\/pages\/966\/revisions\/1018"}],"wp:attachment":[{"href":"https:\/\/arnaudyansounou-avocat.fr\/index.php?rest_route=%2Fwp%2Fv2%2Fmedia&parent=966"}],"curies":[{"name":"wp","href":"https:\/\/api.w.org\/{rel}","templated":true}]}}